{"id":3990,"date":"2025-08-23T18:13:37","date_gmt":"2025-08-23T16:13:37","guid":{"rendered":"https:\/\/alexengineering.pl\/?post_type=product&#038;p=3990"},"modified":"2026-04-11T21:00:04","modified_gmt":"2026-04-11T19:00:04","slug":"panel-przyciskow-sportowej-kierownicy-nd-tempomat-volume-info-option","status":"publish","type":"product","link":"https:\/\/alexengineering.pl\/en\/product\/panel-przyciskow-sportowej-kierownicy-nd-tempomat-volume-info-option\/","title":{"rendered":"Cruise Control + Volume Up\/Dn + Info + Option button panel for aftermarket steering wheels Mazda MX-5 Miata mk4 ND1 ND2"},"content":{"rendered":"<section class=\"ffb-id-9apihlce fg-section fg-text-dark\"><div class=\"fg-container container fg-container-large fg-container-lvl--1\"><div class=\"fg-row row\" ><div class=\"ffb-id-9apihlcf fg-col col-xs-12 col-md-12 fg-text-dark\"><div class=\"ffb-id-9apiioq5 fg-paragraph ff-richtext text-left    fg-text-dark\"><\/p>\n<p><strong><span style=\"color: #800000\">NOT COMPATIBLE WITH ND3<\/span><\/strong><\/p>\n<p>button panel for Mazda MX5 MK4 (ND), for aftermarket steering wheels<\/p>\n<p>Identically as for mk3 NC his is a plug-and-play solution for anyone running a sport steering wheel and wanting to retain or add OEM-style steering wheel functions. Sits between wheel hub and steering wheel and connects directly to the factory clock spring connector, no splicing or adapters needed.<\/p>\n<p>Functionality<br \/>\u2705 Cruise Control<\/p>\n<p>\u2705 Info button<br \/>\u2705 Option button - momentary switch, connection is up to you (passenger seat ejector, missile launch etc)<br \/>\u2705 Volume Control Up \/ Down<br \/>\u2705 Horn Connector<br \/>\ud83d\udca1 backlighted buttons, dimmable<\/p>\n<p>- compatible steering wheel bolt patterns:  6x70mm (Momo\/OMP\/Sparco),  6 x74mm (Nardi, Personal), 6x75mm (Luisi)<\/p>\n<p><\/div><\/div><\/div><\/div><\/section><style><\/style><script type=\"text\/javascript\"><\/script>","protected":false},"excerpt":{"rendered":"<p>button panel Cruise Control + Volume Up\/Down + Info + Option for Mazda Mx-5 mk4 ND with aftermarket steering wheel<\/p>","protected":false},"featured_media":4427,"comment_status":"open","ping_status":"closed","template":"","meta":[],"product_brand":[],"product_cat":[114],"product_tag":[75,128,129],"class_list":{"0":"post-3990","1":"product","2":"type-product","3":"status-publish","4":"has-post-thumbnail","6":"product_cat-accessories-mazda-mx-5-miata-mk4-nd","7":"product_tag-cruise-control","8":"product_tag-mk4","9":"product_tag-nd","10":"product_shipping_class-light","11":"post-wrapper","13":"first","14":"onbackorder","15":"downloadable","16":"taxable","17":"shipping-taxable","18":"purchasable","19":"product-type-simple"},"acf":[],"yoast_head":"<!-- This site is optimized with the Yoast SEO plugin v26.4 - https:\/\/yoast.com\/wordpress\/plugins\/seo\/ -->\n<title>Panel przycisk\u00f3w sportowej kierownicy ND1 ND2 tempomat + Volume + Info + Option - Alex Engineering<\/title>\n<meta name=\"description\" content=\"Cruise Control +Volume + Info + Option buttons panel for Mazda MX-5 mk4 ND. Easy installation (Plug &amp; Play), full compatibility, ideal for enthusiasts seeking comfort and sport driving experience \/ panel przycisk\u00f3w tempomat + Volume + Info + Option do Mazdy MX-5 ND ze sportow\u0105 kierownic\u0105\" \/>\n<meta name=\"robots\" content=\"index, follow, max-snippet:-1, max-image-preview:large, max-video-preview:-1\" \/>\n<link rel=\"canonical\" href=\"https:\/\/alexengineering.pl\/en\/product\/panel-przyciskow-sportowej-kierownicy-nd-tempomat-volume-info-option\/\" \/>\n<meta property=\"og:locale\" content=\"en_GB\" \/>\n<meta property=\"og:type\" content=\"article\" \/>\n<meta property=\"og:title\" content=\"button panel Cruise Control + Volume Up\/Dn for Mazda MX-5 mk4 ND\" \/>\n<meta property=\"og:description\" content=\"Cruise Control +Volume Up\/Dn buttons panel for Mazda MX-5 mk4 ND. Easy installation (Plug &amp; Play), full compatibility, ideal for enthusiasts seeking comfort and sport driving experience \/ panel przycisk\u00f3w tempomat + Volume Up\/Dn do Mazdy MX-5 ND ze sportow\u0105 kierownic\u0105\" \/>\n<meta property=\"og:url\" content=\"https:\/\/alexengineering.pl\/en\/product\/panel-przyciskow-sportowej-kierownicy-nd-tempomat-volume-info-option\/\" \/>\n<meta property=\"og:site_name\" content=\"Alex Engineering\" \/>\n<meta property=\"article:publisher\" content=\"https:\/\/www.facebook.com\/profile.php?id=100085299104537\" \/>\n<meta property=\"article:modified_time\" content=\"2026-04-11T19:00:04+00:00\" \/>\n<meta property=\"og:image\" content=\"https:\/\/alexengineering.pl\/wp-content\/uploads\/2025\/12\/1763548915191_m.jpg\" \/>\n\t<meta property=\"og:image:width\" content=\"752\" \/>\n\t<meta property=\"og:image:height\" content=\"880\" \/>\n\t<meta property=\"og:image:type\" content=\"image\/jpeg\" \/>\n<meta name=\"twitter:card\" content=\"summary_large_image\" \/>\n<script type=\"application\/ld+json\" class=\"yoast-schema-graph\">{\"@context\":\"https:\/\/schema.org\",\"@graph\":[{\"@type\":\"WebPage\",\"@id\":\"https:\/\/alexengineering.pl\/product\/panel-przyciskow-sportowej-kierownicy-nd-tempomat-volume-info-option\/\",\"url\":\"https:\/\/alexengineering.pl\/product\/panel-przyciskow-sportowej-kierownicy-nd-tempomat-volume-info-option\/\",\"name\":\"Panel przycisk\u00f3w sportowej kierownicy ND1 ND2 tempomat + Volume + Info + Option - Alex Engineering\",\"isPartOf\":{\"@id\":\"https:\/\/alexengineering.pl\/#website\"},\"primaryImageOfPage\":{\"@id\":\"https:\/\/alexengineering.pl\/product\/panel-przyciskow-sportowej-kierownicy-nd-tempomat-volume-info-option\/#primaryimage\"},\"image\":{\"@id\":\"https:\/\/alexengineering.pl\/product\/panel-przyciskow-sportowej-kierownicy-nd-tempomat-volume-info-option\/#primaryimage\"},\"thumbnailUrl\":\"https:\/\/alexengineering.pl\/wp-content\/uploads\/2025\/12\/1763548915191_m.jpg\",\"datePublished\":\"2025-08-23T16:13:37+00:00\",\"dateModified\":\"2026-04-11T19:00:04+00:00\",\"description\":\"Cruise Control +Volume + Info + Option buttons panel for Mazda MX-5 mk4 ND. Easy installation (Plug & Play), full compatibility, ideal for enthusiasts seeking comfort and sport driving experience \/ panel przycisk\u00f3w tempomat + Volume + Info + Option do Mazdy MX-5 ND ze sportow\u0105 kierownic\u0105\",\"breadcrumb\":{\"@id\":\"https:\/\/alexengineering.pl\/product\/panel-przyciskow-sportowej-kierownicy-nd-tempomat-volume-info-option\/#breadcrumb\"},\"inLanguage\":\"en-GB\",\"potentialAction\":[{\"@type\":\"ReadAction\",\"target\":[\"https:\/\/alexengineering.pl\/product\/panel-przyciskow-sportowej-kierownicy-nd-tempomat-volume-info-option\/\"]}]},{\"@type\":\"ImageObject\",\"inLanguage\":\"en-GB\",\"@id\":\"https:\/\/alexengineering.pl\/product\/panel-przyciskow-sportowej-kierownicy-nd-tempomat-volume-info-option\/#primaryimage\",\"url\":\"https:\/\/alexengineering.pl\/wp-content\/uploads\/2025\/12\/1763548915191_m.jpg\",\"contentUrl\":\"https:\/\/alexengineering.pl\/wp-content\/uploads\/2025\/12\/1763548915191_m.jpg\",\"width\":752,\"height\":880,\"caption\":\"Mazda MX-5 Miata mk4 ND 2015- 8-button panel\"},{\"@type\":\"BreadcrumbList\",\"@id\":\"https:\/\/alexengineering.pl\/product\/panel-przyciskow-sportowej-kierownicy-nd-tempomat-volume-info-option\/#breadcrumb\",\"itemListElement\":[{\"@type\":\"ListItem\",\"position\":1,\"name\":\"Strona g\u0142\u00f3wna\",\"item\":\"https:\/\/alexengineering.pl\/\"},{\"@type\":\"ListItem\",\"position\":2,\"name\":\"Sklep\",\"item\":\"https:\/\/alexengineering.pl\/\"},{\"@type\":\"ListItem\",\"position\":3,\"name\":\"button panel Cruise Control + Volume Up\/Dn for Mazda MX-5 mk4 ND\"}]},{\"@type\":\"WebSite\",\"@id\":\"https:\/\/alexengineering.pl\/#website\",\"url\":\"https:\/\/alexengineering.pl\/\",\"name\":\"Alex Engineering\",\"description\":\"Mazda MX-5 programmable ecus and tuning services\",\"publisher\":{\"@id\":\"https:\/\/alexengineering.pl\/#organization\"},\"potentialAction\":[{\"@type\":\"SearchAction\",\"target\":{\"@type\":\"EntryPoint\",\"urlTemplate\":\"https:\/\/alexengineering.pl\/?s={search_term_string}\"},\"query-input\":{\"@type\":\"PropertyValueSpecification\",\"valueRequired\":true,\"valueName\":\"search_term_string\"}}],\"inLanguage\":\"en-GB\"},{\"@type\":\"Organization\",\"@id\":\"https:\/\/alexengineering.pl\/#organization\",\"name\":\"Alex Engineering\",\"url\":\"https:\/\/alexengineering.pl\/\",\"logo\":{\"@type\":\"ImageObject\",\"inLanguage\":\"en-GB\",\"@id\":\"https:\/\/alexengineering.pl\/#\/schema\/logo\/image\/\",\"url\":\"https:\/\/alexengineering.pl\/wp-content\/uploads\/2024\/09\/304766117_109710231870580_3690103642541262135_n-e1764581399229.png\",\"contentUrl\":\"https:\/\/alexengineering.pl\/wp-content\/uploads\/2024\/09\/304766117_109710231870580_3690103642541262135_n-e1764581399229.png\",\"width\":477,\"height\":181,\"caption\":\"Alex Engineering\"},\"image\":{\"@id\":\"https:\/\/alexengineering.pl\/#\/schema\/logo\/image\/\"},\"sameAs\":[\"https:\/\/www.facebook.com\/profile.php?id=100085299104537\"]}]}<\/script>\n<!-- \/ Yoast SEO plugin. -->","yoast_head_json":{"title":"Panel przycisk\u00f3w sportowej kierownicy ND1 ND2 tempomat + Volume + Info + Option - Alex Engineering","description":"Cruise Control +Volume + Info + Option buttons panel for Mazda MX-5 mk4 ND. Easy installation (Plug & Play), full compatibility, ideal for enthusiasts seeking comfort and sport driving experience \/ panel przycisk\u00f3w tempomat + Volume + Info + Option do Mazdy MX-5 ND ze sportow\u0105 kierownic\u0105","robots":{"index":"index","follow":"follow","max-snippet":"max-snippet:-1","max-image-preview":"max-image-preview:large","max-video-preview":"max-video-preview:-1"},"canonical":"https:\/\/alexengineering.pl\/en\/product\/panel-przyciskow-sportowej-kierownicy-nd-tempomat-volume-info-option\/","og_locale":"en_GB","og_type":"article","og_title":"button panel Cruise Control + Volume Up\/Dn for Mazda MX-5 mk4 ND","og_description":"Cruise Control +Volume Up\/Dn buttons panel for Mazda MX-5 mk4 ND. Easy installation (Plug & Play), full compatibility, ideal for enthusiasts seeking comfort and sport driving experience \/ panel przycisk\u00f3w tempomat + Volume Up\/Dn do Mazdy MX-5 ND ze sportow\u0105 kierownic\u0105","og_url":"https:\/\/alexengineering.pl\/en\/product\/panel-przyciskow-sportowej-kierownicy-nd-tempomat-volume-info-option\/","og_site_name":"Alex Engineering","article_publisher":"https:\/\/www.facebook.com\/profile.php?id=100085299104537","article_modified_time":"2026-04-11T19:00:04+00:00","og_image":[{"width":752,"height":880,"url":"https:\/\/alexengineering.pl\/wp-content\/uploads\/2025\/12\/1763548915191_m.jpg","type":"image\/jpeg"}],"twitter_card":"summary_large_image","schema":{"@context":"https:\/\/schema.org","@graph":[{"@type":"WebPage","@id":"https:\/\/alexengineering.pl\/product\/panel-przyciskow-sportowej-kierownicy-nd-tempomat-volume-info-option\/","url":"https:\/\/alexengineering.pl\/product\/panel-przyciskow-sportowej-kierownicy-nd-tempomat-volume-info-option\/","name":"Panel przycisk\u00f3w sportowej kierownicy ND1 ND2 tempomat + Volume + Info + Option - Alex Engineering","isPartOf":{"@id":"https:\/\/alexengineering.pl\/#website"},"primaryImageOfPage":{"@id":"https:\/\/alexengineering.pl\/product\/panel-przyciskow-sportowej-kierownicy-nd-tempomat-volume-info-option\/#primaryimage"},"image":{"@id":"https:\/\/alexengineering.pl\/product\/panel-przyciskow-sportowej-kierownicy-nd-tempomat-volume-info-option\/#primaryimage"},"thumbnailUrl":"https:\/\/alexengineering.pl\/wp-content\/uploads\/2025\/12\/1763548915191_m.jpg","datePublished":"2025-08-23T16:13:37+00:00","dateModified":"2026-04-11T19:00:04+00:00","description":"Cruise Control +Volume + Info + Option buttons panel for Mazda MX-5 mk4 ND. Easy installation (Plug & Play), full compatibility, ideal for enthusiasts seeking comfort and sport driving experience \/ panel przycisk\u00f3w tempomat + Volume + Info + Option do Mazdy MX-5 ND ze sportow\u0105 kierownic\u0105","breadcrumb":{"@id":"https:\/\/alexengineering.pl\/product\/panel-przyciskow-sportowej-kierownicy-nd-tempomat-volume-info-option\/#breadcrumb"},"inLanguage":"en-GB","potentialAction":[{"@type":"ReadAction","target":["https:\/\/alexengineering.pl\/product\/panel-przyciskow-sportowej-kierownicy-nd-tempomat-volume-info-option\/"]}]},{"@type":"ImageObject","inLanguage":"en-GB","@id":"https:\/\/alexengineering.pl\/product\/panel-przyciskow-sportowej-kierownicy-nd-tempomat-volume-info-option\/#primaryimage","url":"https:\/\/alexengineering.pl\/wp-content\/uploads\/2025\/12\/1763548915191_m.jpg","contentUrl":"https:\/\/alexengineering.pl\/wp-content\/uploads\/2025\/12\/1763548915191_m.jpg","width":752,"height":880,"caption":"Mazda MX-5 Miata mk4 ND 2015- 8-button panel"},{"@type":"BreadcrumbList","@id":"https:\/\/alexengineering.pl\/product\/panel-przyciskow-sportowej-kierownicy-nd-tempomat-volume-info-option\/#breadcrumb","itemListElement":[{"@type":"ListItem","position":1,"name":"Strona g\u0142\u00f3wna","item":"https:\/\/alexengineering.pl\/"},{"@type":"ListItem","position":2,"name":"Sklep","item":"https:\/\/alexengineering.pl\/"},{"@type":"ListItem","position":3,"name":"button panel Cruise Control + Volume Up\/Dn for Mazda MX-5 mk4 ND"}]},{"@type":"WebSite","@id":"https:\/\/alexengineering.pl\/#website","url":"https:\/\/alexengineering.pl\/","name":"Alex Engineering","description":"Mazda MX-5 programmable ecus and tuning services","publisher":{"@id":"https:\/\/alexengineering.pl\/#organization"},"potentialAction":[{"@type":"SearchAction","target":{"@type":"EntryPoint","urlTemplate":"https:\/\/alexengineering.pl\/?s={search_term_string}"},"query-input":{"@type":"PropertyValueSpecification","valueRequired":true,"valueName":"search_term_string"}}],"inLanguage":"en-GB"},{"@type":"Organization","@id":"https:\/\/alexengineering.pl\/#organization","name":"Alex Engineering","url":"https:\/\/alexengineering.pl\/","logo":{"@type":"ImageObject","inLanguage":"en-GB","@id":"https:\/\/alexengineering.pl\/#\/schema\/logo\/image\/","url":"https:\/\/alexengineering.pl\/wp-content\/uploads\/2024\/09\/304766117_109710231870580_3690103642541262135_n-e1764581399229.png","contentUrl":"https:\/\/alexengineering.pl\/wp-content\/uploads\/2024\/09\/304766117_109710231870580_3690103642541262135_n-e1764581399229.png","width":477,"height":181,"caption":"Alex Engineering"},"image":{"@id":"https:\/\/alexengineering.pl\/#\/schema\/logo\/image\/"},"sameAs":["https:\/\/www.facebook.com\/profile.php?id=100085299104537"]}]}},"_links":{"self":[{"href":"https:\/\/alexengineering.pl\/en\/wp-json\/wp\/v2\/product\/3990","targetHints":{"allow":["GET"]}}],"collection":[{"href":"https:\/\/alexengineering.pl\/en\/wp-json\/wp\/v2\/product"}],"about":[{"href":"https:\/\/alexengineering.pl\/en\/wp-json\/wp\/v2\/types\/product"}],"replies":[{"embeddable":true,"href":"https:\/\/alexengineering.pl\/en\/wp-json\/wp\/v2\/comments?post=3990"}],"wp:featuredmedia":[{"embeddable":true,"href":"https:\/\/alexengineering.pl\/en\/wp-json\/wp\/v2\/media\/4427"}],"wp:attachment":[{"href":"https:\/\/alexengineering.pl\/en\/wp-json\/wp\/v2\/media?parent=3990"}],"wp:term":[{"taxonomy":"product_brand","embeddable":true,"href":"https:\/\/alexengineering.pl\/en\/wp-json\/wp\/v2\/product_brand?post=3990"},{"taxonomy":"product_cat","embeddable":true,"href":"https:\/\/alexengineering.pl\/en\/wp-json\/wp\/v2\/product_cat?post=3990"},{"taxonomy":"product_tag","embeddable":true,"href":"https:\/\/alexengineering.pl\/en\/wp-json\/wp\/v2\/product_tag?post=3990"}],"curies":[{"name":"wp","href":"https:\/\/api.w.org\/{rel}","templated":true}]}}